{"id":28428,"date":"2023-01-19T15:21:20","date_gmt":"2023-01-19T14:21:20","guid":{"rendered":"https:\/\/jardindeideas.net\/avis-legal\/"},"modified":"2023-01-19T15:21:20","modified_gmt":"2023-01-19T14:21:20","slug":"avis-legal","status":"publish","type":"page","link":"https:\/\/jardindeideas.net\/ca\/avis-legal\/","title":{"rendered":"AV\u00cdS LEGAL"},"content":{"rendered":"<p>En compliment de la Llei 34\/2002, de 11 de juliol, de Serveis de la Societat de la Informaci\u00f3 i de Comer\u00e7 electr\u00f2nic, s&#8217;informa a l&#8217;Usuari que el titular de la p\u00e0gina web www.Jard\u00edndeideas.net \u00e9s de la societat JARD\u00cdN DE IDEAS MARKETING, SL i les seves dades d&#8217;identificaci\u00f3 s\u00f3n les seg\u00fcents:<\/p>\n<p>\uf0a7 <strong>Responsable:<\/strong> JARD\u00cdN DE IDEAS M\u00c0RQUETING, SL (d&#8217;ara endavant Jard\u00edn de Ideas)<\/p>\n<p>\uf0a7 <strong>NIF:<\/strong> B67215301<\/p>\n<p>\uf0a7 <strong>Domicili social:<\/strong> C\/ Catalunya, 216 \u2013 08430 La Roca del Vall\u00e8s (Barcelona)<\/p>\n<p>\uf0a7 <strong>Dades del registre:<\/strong> la societat est\u00e0 inscrita al Registre Mercantil de Barcelona, al Tom 46.413, foli 181 i full n\u00famero 519.187.<\/p>\n<p><strong>Accedir a la p\u00e0gina web<\/strong><br \/>\nL&#8217;av\u00eds legal regula l&#8217;acc\u00e9s i l&#8217;\u00fas dels usuaris a la p\u00e0gina web i t\u00e9 per objecte donar a con\u00e8ixer els serveis de l&#8217;entitat i permetre l&#8217;acc\u00e9s general de tots els usuaris d&#8217;Internet.<br \/>\nL&#8217;acc\u00e9s i\/o \u00fas del web atribueix a qui el realitza la condici\u00f3 d&#8217;usuari i l&#8217;acceptaci\u00f3, sense reserves de cap mena, de totes i cadascuna de les presents condicions generals, aix\u00ed com d&#8217;aquelles altres particulars que, si escau, regeixin la utilitzaci\u00f3 del Portal o dels serveis vinculats a aquest.<\/p>\n<p>L&#8217;usuari ha de llegir atentament l&#8217;Av\u00eds Legal i les Pol\u00edtiques de Privadesa i de Cookies quan es proposi utilitzar la P\u00e0gina Web, ja que Jard\u00edn de Ideas, es reserva la facultat de realitzar, en qualsevol moment i sense necessitat de cap preav\u00eds, qualsevol modificaci\u00f3 o actualitzaci\u00f3 dels continguts i serveis, de les presents disposicions d&#8217;acc\u00e9s i \u00fas i, en general, de quants elements integrin el disseny i la configuraci\u00f3 de la seva web. Si no accepteu les condicions d&#8217;acc\u00e9s i \u00fas, us preguem que us abstingueu d&#8217;utilitzar el web i el seu contingut.<\/p>\n<p><strong>Utilitzaci\u00f3 de la p\u00e0gina web<\/strong><br \/>\nL&#8217;Usuari es compromet a fer un \u00fas diligent de la P\u00e0gina Web, aix\u00ed com de la informaci\u00f3 relativa als seus serveis i activitats, amb total subjecci\u00f3 tant a la normativa aplicable, aix\u00ed com amb la moral i els bons costums generalment acceptats i l&#8217;ordre p\u00fablic , les condicions d&#8217;acc\u00e9s i \u00fas i qualssevol altres condicions establertes a la p\u00e0gina web.<\/p>\n<p>A m\u00e9s, es compromet a abstenir-se d&#8217;utilitzar qualsevol dels continguts amb finalitats o efectes il\u00b7l\u00edcits, prohibits en aquest text, lesius dels drets i interessos de tercers, o que de qualsevol manera puguin danyar, inutilitzar, sobrecarregar, deteriorar o impedir la normal utilitzaci\u00f3 dels continguts, altres Usuaris o de qualsevol usuari dInternet (hardware i software).<\/p>\n<p><strong>Funcionament de la p\u00e0gina web<\/strong><br \/>\nEn cas d&#8217;incompliment de les condicions de l&#8217;Av\u00eds Legal, o les Pol\u00edtiques de Privadesa i Cookies, Jard\u00edn de Ideas, es reserva el dret a limitar, suspendre i\/o excloure l&#8217;acc\u00e9s al seu lloc web, adoptant qualsevol mesura t\u00e8cnica necess\u00e0ria al respecte. Jard\u00edn de Ideas, far\u00e0 el possible per mantenir la p\u00e0gina web en bon funcionament, evitant errors, o b\u00e9 reparant-los i mantenint els continguts actualitzats. Ara b\u00e9, Jard\u00edn de Ideas, no garanteix la disponibilitat i continu\u00eftat en l&#8217;acc\u00e9s a la p\u00e0gina web ni la inexist\u00e8ncia d&#8217;errors al contingut.<\/p>\n<p><strong>Responsabilitat<\/strong><br \/>\nL&#8217;usuari \u00e9s l&#8217;\u00fanic responsable de l&#8217;\u00fas que es pugui fer de qualsevol informaci\u00f3 o mecanisme de la p\u00e0gina web.<\/p>\n<p>Jard\u00edn de Ideas, no es far\u00e0 responsable de cap dany al maquinari i\/o programari de l&#8217;Usuari que es derivi de l&#8217;acc\u00e9s i l&#8217;\u00fas de la P\u00e0gina Web. Aix\u00ed mateix, tampoc no es responsabilitzar\u00e0 d&#8217;aquests danys i\/o perjudicis que es puguin ocasionar per l&#8217;acc\u00e9s i\/o \u00fas de la informaci\u00f3 de la P\u00e0gina Web, i en concret dels que es puguin produir en sistemes inform\u00e0tics o els provocats per virus \/ o atacs inform\u00e0tics, caigudes, interrupcions abs\u00e8ncia o defecte a les comunicacions i\/o Internet.<\/p>\n<p>L&#8217;Usuari ser\u00e0 responsable dels danys i\/o perjudicis que Jard\u00edn de Ideas pugui patir com a conseq\u00fc\u00e8ncia de l&#8217;incompliment de qualsevol de les obligacions a qu\u00e8 queda sotm\u00e8s a trav\u00e9s del present Av\u00eds Legal, la normativa aplicable i Pol\u00edtica de Privadesa i de Cookies.<\/p>\n<p><strong>Pol\u00edtica en mat\u00e8ria de \u201cLinks\u201d (Web enlla\u00e7ant i enlla\u00e7ada)<\/strong><br \/>\n<em>a) Web enlla\u00e7ant:<\/em><br \/>\nEls tercers que tinguin la intenci\u00f3 d&#8217;incloure en una p\u00e0gina web un enlla\u00e7 d&#8217;aquesta p\u00e0gina haur\u00e0 de complir amb la legislaci\u00f3 vigent i no podran allotjar continguts inadequats, il\u00b7l\u00edcits, pornogr\u00e0fics, violents, etc.<\/p>\n<p>En cap cas Jard\u00edn de Ideas, no es fa responsable del contingut de la P\u00e0gina Web, ni promou, garanteix, supervisa ni recomana els continguts d&#8217;aquesta.<\/p>\n<p>Si la Web enlla\u00e7ant incompleix algun dels aspectes anteriors, estar\u00e0 obligat a suprimir l&#8217;enlla\u00e7 de manera immediata.<\/p>\n<p><em>b) Web enlla\u00e7ada:<\/em><br \/>\nEn aquesta P\u00e0gina Web es poden incloure enlla\u00e7os de p\u00e0gines web de tercers que permetin accedir a l&#8217;Usuari. Tot i aix\u00f2, Jard\u00edn de Ideas, no es fa responsable del contingut d&#8217;aquestes p\u00e0gines web enlla\u00e7ades, sin\u00f3 que ser\u00e0 l&#8217;Usuari l&#8217;encarregat d&#8217;acceptar i comprovar els accessos cada cop que hi accedeixi.<\/p>\n<p>Aquests enlla\u00e7os o mencions tenen una finalitat que no impliquen el suport, l&#8217;aprovaci\u00f3, la comercialitzaci\u00f3 o cap relaci\u00f3 entre la p\u00e0gina i les persones o entitats titulars dels llocs on es trobin.<\/p>\n<p><strong>Propietat Intel\u00b7lectual i Industrial sobre els continguts<\/strong><br \/>\nJARD\u00cdN DE IDEAS, o els seus llicenciants, s\u00f3n titulars de tots els drets de propietat intel\u00b7lectual sobre els continguts de la p\u00e0gina web, entenent com a tal tots els dissenys, bases de dades, programes d&#8217;ordinadors subjacents (codi font, incl\u00f2s), aix\u00ed com els diferents elements que integren la p\u00e0gina web (textos, gr\u00e0fics, fotografies, v\u00eddeos, colors, etc.), estructura, ordre, etc. Pel que fa a les marques i noms comercials (\u201csignes distintius\u201d) s\u00f3n titularitat de Jard\u00edn de Ideas, o els llicenciants.<\/p>\n<p>L&#8217;\u00fas de la p\u00e0gina web per part de l&#8217;usuari no suposa la cessi\u00f3 de cap dret de propietat intel\u00b7lectual ni industrial. L&#8217;Usuari t\u00e9 totalment prohibit reproduir, copiar, distribuir, posar a disposici\u00f3 o de qualsevol altra manera de comunicar p\u00fablicament, transformar o modificar els Continguts o els Signes distintius, llevat que es compti amb l&#8217;autoritzaci\u00f3 del titular dels drets corresponents o aix\u00f2 resulti legalment perm\u00e8s.<\/p>\n<p><strong>Publicitat<\/strong><br \/>\nA la p\u00e0gina web es podran allotjar continguts publicitaris o patrocinats. Els anunciants o patrocinadors s\u00f3n els \u00fanics responsables d&#8217;assegurar-se que el material rem\u00e8s per a la seva inclusi\u00f3 a la web compleix les lleis que en cada cas puguin ser aplicables.<\/p>\n<p>Jard\u00edn de Ideas no ser\u00e0 responsable de cap error, inexactitud o irregularitat que puguin contenir els continguts publicitaris o dels patrocinadors.<\/p>\n<p><strong>Legislaci\u00f3 aplicable<\/strong><br \/>\nL&#8217;Av\u00eds Legal es regir\u00e0 i interpretar\u00e0 de conformitat amb la legislaci\u00f3 espanyola.<\/p>\n<p>Per resoldre qualsevol conflicte que es pugui derivar de l&#8217;acc\u00e9s al lloc web, se sotmetran als jutjats o tribunals pertinents de conformitat amb la normativa de consumidors i usuaris.<\/p>\n<p><strong>Contacte<\/strong><br \/>\nPer a qualsevol pregunta o comentari sobre aquest av\u00eds legal us podeu posar en contacte amb nosaltres a trav\u00e9s del correu electr\u00f2nic soporte@jardindeideas.net.<\/p>\n","protected":false},"excerpt":{"rendered":"","protected":false},"author":1,"featured_media":0,"parent":0,"menu_order":0,"comment_status":"closed","ping_status":"closed","template":"","meta":{"inline_featured_image":false,"footnotes":""},"class_list":["post-28428","page","type-page","status-publish","hentry"],"_links":{"self":[{"href":"https:\/\/jardindeideas.net\/ca\/wp-json\/wp\/v2\/pages\/28428","targetHints":{"allow":["GET"]}}],"collection":[{"href":"https:\/\/jardindeideas.net\/ca\/wp-json\/wp\/v2\/pages"}],"about":[{"href":"https:\/\/jardindeideas.net\/ca\/wp-json\/wp\/v2\/types\/page"}],"author":[{"embeddable":true,"href":"https:\/\/jardindeideas.net\/ca\/wp-json\/wp\/v2\/users\/1"}],"replies":[{"embeddable":true,"href":"https:\/\/jardindeideas.net\/ca\/wp-json\/wp\/v2\/comments?post=28428"}],"version-history":[{"count":0,"href":"https:\/\/jardindeideas.net\/ca\/wp-json\/wp\/v2\/pages\/28428\/revisions"}],"wp:attachment":[{"href":"https:\/\/jardindeideas.net\/ca\/wp-json\/wp\/v2\/media?parent=28428"}],"curies":[{"name":"wp","href":"https:\/\/api.w.org\/{rel}","templated":true}]}}