{"id":28452,"date":"2023-01-19T15:33:05","date_gmt":"2023-01-19T14:33:05","guid":{"rendered":"https:\/\/jardindeideas.net\/politica-de-cookies-2\/"},"modified":"2023-01-19T15:33:06","modified_gmt":"2023-01-19T14:33:06","slug":"politica-de-cookies-2","status":"publish","type":"page","link":"https:\/\/jardindeideas.net\/ca\/politica-de-cookies-2\/","title":{"rendered":"POL\u00cdTICA DE COOKIES"},"content":{"rendered":"<p><strong>1. Qu\u00e8 s\u00f3n les cookies i per qu\u00e8 les utilitzem al lloc web?<\/strong><\/p>\n<p>Una galeta \u00e9s un fitxer que es descarrega al dispositiu de l&#8217;usuari per accedir a un determinat lloc web per emmagatzemar i recuperar informaci\u00f3 sobre la navegaci\u00f3 que es fa a l&#8217;ordinador.<br \/>\nLes galetes permeten a aquest lloc web, entre altres coses, emmagatzemar i recuperar informaci\u00f3 sobre les opcions i els h\u00e0bits de l&#8217;usuari. En aquest lloc web, les galetes que existeixen s\u00f3n necess\u00e0ries per al seu funcionament.<br \/>\n\u00c9s important tenir en compte que l&#8217;\u00fas de galetes no proporciona dades personals de l&#8217;usuari.<\/p>\n<p><strong>2. Quin tipus de cookies hi ha?<\/strong><\/p>\n<p>Les galetes, en funci\u00f3 del temps que romanen activades, poden dividir-se en galetes de sessi\u00f3 o permanents:<\/p>\n<ul>\n<li><strong>Galetes de sessi\u00f3:<\/strong> les dades que recullen i emmagatzemen aquestes galetes es recullen mentre l&#8217;usuari navega per la p\u00e0gina web, i s\u00f3n eliminades en tancar el navegador. Se solen fer servir per emmagatzemar informaci\u00f3 que interessa conservar per a la prestaci\u00f3 del servei sol\u00b7licitat per l&#8217;usuari en una sola ocasi\u00f3.<\/li>\n<li><strong>Cookies persistents:<\/strong> mitjan\u00e7ant aquestes cookies les dades continuen emmagatzemades al terminal durant un per\u00edode de temps determinat, facilitant aix\u00ed el control de les prefer\u00e8ncies triades sense haver de repetir certs par\u00e0metres cada vegada que es visiti el lloc web.<\/li>\n<\/ul>\n<p>Addicionalment, segons l&#8217;entitat que les gestioni, les galetes es poden classificar en pr\u00f2pies o de tercer:<\/p>\n<ul>\n<li><strong>Cookies pr\u00f2pies:<\/strong> aquestes galetes s&#8217;envien a l&#8217;equip terminal de l&#8217;usuari des d&#8217;un equip o domini gestionat pel mateix editor i des del qual es presta el servei sol\u00b7licitat per l&#8217;usuari.<\/li>\n<li><strong>Galetes de tercers:<\/strong> aquestes galetes s&#8217;envien a l&#8217;equip terminal de l&#8217;usuari des d&#8217;un equip o domini que no \u00e9s gestionat per l&#8217;editor, sin\u00f3 per una altra entitat que tracta les dades obtingudes a trav\u00e9s de les galetes.<\/li>\n<\/ul>\n<p>Pel que fa a la finalitat, les cookies poden ser:<\/p>\n<ul>\n<li><strong>Galetes t\u00e8cniques:<\/strong> aquestes galetes permeten controlar el tr\u00e0nsit i la comunicaci\u00f3 de dades.<\/li>\n<li><strong>Galetes de personalitzaci\u00f3:<\/strong> aquestes galetes deixen accedir als usuaris segons algunes caracter\u00edstiques pr\u00f2pies que es recullen (navegador, idioma, etc.)<\/li>\n<li><strong>Galetes d&#8217;an\u00e0lisi:<\/strong> aquestes galetes permeten al responsable de les mateixes el seguiment i an\u00e0lisi del comportament dels usuaris dels llocs web i permeten elaborar un perfil d&#8217;usuari.<\/li>\n<li><strong>Galetes publicit\u00e0ries:<\/strong> aquestes galetes recullen dades sobre la gesti\u00f3 dels espais publicitaris.<\/li>\n<\/ul>\n<p>3. Quin tipus de galetes utilitza la web?<\/p>\n<\/p>\n<div class=\"table-2\">\n<table width=\"100%\">\n<thead>\n<tr>\n<th align=\"left\">Nom<\/th>\n<th align=\"left\">Domini<\/th>\n<th align=\"left\">Finalitat<\/th>\n<th align=\"left\">Venciment<\/th>\n<\/tr>\n<\/thead>\n<tbody>\n<tr>\n<td align=\"left\">1P_JAR<\/td>\n<td align=\"left\">.google.com<\/td>\n<td align=\"left\">Per personalitzar els anuncis segons els interessos de l&#8217;usuari.<\/td>\n<td align=\"left\">1 setmana<\/td>\n<\/tr>\n<tr>\n<td align=\"left\">ANID<\/td>\n<td align=\"left\">.google.com<\/td>\n<td align=\"left\">S\u00f3n utilitzades per Google per emmagatzemar les prefer\u00e8ncies de lusuari i la informaci\u00f3 durant la visualitzaci\u00f3 de les p\u00e0gines amb els mapes de Google en ells.<\/td>\n<td align=\"left\">2 anys<\/td>\n<\/tr>\n<tr>\n<td align=\"left\">NID<\/td>\n<td align=\"left\">.google.com<\/td>\n<td align=\"left\">Per al recompte, per part de Google, del n\u00famero dusuari que utilitzen els mapes.<\/td>\n<td align=\"left\">7 mesos<\/td>\n<\/tr>\n<tr>\n<td align=\"left\">_gat<\/td>\n<td align=\"left\">.jardindeideas.net<\/td>\n<td align=\"left\">Utilitzat per Google Analytics per controlar la taxa de peticions<\/td>\n<td align=\"left\">1 dia<\/td>\n<\/tr>\n<tr>\n<td align=\"left\">_ga<\/td>\n<td align=\"left\">.jardindeideas.net<\/td>\n<td align=\"left\">Registra una identificaci\u00f3 \u00fanica que es fa servir per generar dades estad\u00edstiques sobre com utilitza el visitant el lloc web.<\/td>\n<td align=\"left\">2 anys<\/td>\n<\/tr>\n<tr>\n<td align=\"left\">_gid<\/td>\n<td align=\"left\">.jardindeideas.net<\/td>\n<td align=\"left\">Registra una identificaci\u00f3 \u00fanica que es fa servir per generar dades estad\u00edstiques sobre com utilitza el visitant el lloc web.<\/td>\n<td align=\"left\">1 dia<\/td>\n<\/tr>\n<tr>\n<td align=\"left\">CONSENT<\/td>\n<td align=\"left\">.google.com<\/td>\n<td align=\"left\">Cookie t\u00e8cnica per controlar l&#8217;acceptaci\u00f3 de galetes.<\/td>\n<td align=\"left\">20 anys<\/td>\n<\/tr>\n<\/tbody>\n<\/table>\n<\/div>\n<p>\n<p><strong>4. Com deshabilitar les cookies al vostre navegador?<\/strong><\/p>\n<p>L&#8217;usuari pot permetre, bloquejar o eliminar les cookies instal\u00b7lades al vostre equip mitjan\u00e7ant la configuraci\u00f3 de les opcions del navegador instal\u00b7lat al vostre ordinador. Llegiu atentament la secci\u00f3 d&#8217;ajuda del vostre navegador per con\u00e8ixer m\u00e9s sobre com activar el \u201cmode privat\u201d o desbloquejar determinades cookies.<\/p>\n<ul>\n<li>Informaci\u00f3 sobre cookies per a <a href=\"https:\/\/support.microsoft.com\/es-es\/help\/17442\/windows-internet-explorer-delete-manage-cookies\" target=\"_blank\" rel=\"noopener\">Internet Explorer<\/a> .<\/li>\n<li>Informaci\u00f3 sobre cookies per a <a href=\"https:\/\/support.mozilla.org\/es\/kb\/habilitar-y-deshabilitar-cookies-que-los-sitios-we\" target=\"_blank\" rel=\"noopener\">Mozilla Firefox<\/a> .<\/li>\n<li>Informaci\u00f3 sobre cookies per a <a href=\"http:\/\/help.opera.com\/Windows\/11.50\/es-ES\/cookies.html\" target=\"_blank\" rel=\"noopener\">Opera<\/a> .<\/li>\n<li>Informaci\u00f3 sobre cookies per a <a href=\"https:\/\/support.google.com\/accounts\/answer\/61416?hl=es\" target=\"_blank\" rel=\"noopener\">Google Chrome<\/a> .<\/li>\n<li>Informaci\u00f3 sobre cookies per a <a href=\"https:\/\/support.apple.com\/es-es\/HT201265\" target=\"_blank\" rel=\"noopener\">Safari<\/a> .<\/li>\n<\/ul>\n","protected":false},"excerpt":{"rendered":"","protected":false},"author":1,"featured_media":0,"parent":0,"menu_order":0,"comment_status":"open","ping_status":"open","template":"","meta":{"inline_featured_image":false,"footnotes":""},"class_list":["post-28452","page","type-page","status-publish","hentry"],"_links":{"self":[{"href":"https:\/\/jardindeideas.net\/ca\/wp-json\/wp\/v2\/pages\/28452","targetHints":{"allow":["GET"]}}],"collection":[{"href":"https:\/\/jardindeideas.net\/ca\/wp-json\/wp\/v2\/pages"}],"about":[{"href":"https:\/\/jardindeideas.net\/ca\/wp-json\/wp\/v2\/types\/page"}],"author":[{"embeddable":true,"href":"https:\/\/jardindeideas.net\/ca\/wp-json\/wp\/v2\/users\/1"}],"replies":[{"embeddable":true,"href":"https:\/\/jardindeideas.net\/ca\/wp-json\/wp\/v2\/comments?post=28452"}],"version-history":[{"count":0,"href":"https:\/\/jardindeideas.net\/ca\/wp-json\/wp\/v2\/pages\/28452\/revisions"}],"wp:attachment":[{"href":"https:\/\/jardindeideas.net\/ca\/wp-json\/wp\/v2\/media?parent=28452"}],"curies":[{"name":"wp","href":"https:\/\/api.w.org\/{rel}","templated":true}]}}