{"id":28461,"date":"2023-01-19T15:37:59","date_gmt":"2023-01-19T14:37:59","guid":{"rendered":"https:\/\/jardindeideas.net\/politica-de-privacitat\/"},"modified":"2023-01-19T15:37:59","modified_gmt":"2023-01-19T14:37:59","slug":"politica-de-privacitat","status":"publish","type":"page","link":"https:\/\/jardindeideas.net\/ca\/politica-de-privacitat\/","title":{"rendered":"POL\u00cdTICA DE PRIVACITAT"},"content":{"rendered":"<p>A trav\u00e9s de la present pol\u00edtica de privadesa JARD\u00cdN DE IDEAS MARKETING, SL desitja informar a totes les persones que naveguin i accedeixin al lloc web www.jardindeideas.net sobre els tractaments de dades personals realitzades.<\/p>\n<p>L&#8217;acc\u00e9s al lloc web no requereix un registre previ. Abans d&#8217;enviar qualsevol sol\u00b7licitud d&#8217;informaci\u00f3 a trav\u00e9s del formulari de contacte d&#8217;aquesta p\u00e0gina web, l&#8217;usuari ha d&#8217;acceptar la pol\u00edtica de privadesa, per tal de prestar el consentiment expr\u00e9s i informat pel tractament de les dades amb les finalitats indicades.<\/p>\n<p>JARD\u00cdN DE IDEAS M\u00c0RQUETING, SL, de conformitat amb el Reglament (UE) 2016\/679, de 27 d&#8217;abril de 2016, relatiu a la protecci\u00f3 de les persones f\u00edsiques pel que fa al tractament de dades personals ia la lliure circulaci\u00f3 d&#8217;aquestes dades , aix\u00ed com amb la Llei Org\u00e0nica 3\/2018, de 5 de desembre, de Protecci\u00f3 de Dades Personals i garantia dels drets digitals, en qualitat de Responsable del Tractament de les dades personals proporcionades, us facilita la informaci\u00f3 seg\u00fcent:<\/p>\n<p><strong>Responsable del Tractament:<\/strong><\/p>\n<ul>\n<li>Ra\u00f3 Social: JARD\u00cdN DE IDEAS M\u00c0RQUETING, SL &#8211; d&#8217;ara endavant Jard\u00edn de ideas -.<\/li>\n<li>NIF: B67215301<\/li>\n<li>Adre\u00e7a: C\/ Catalunya, 216 &#8211; 08430 La Roca del Vall\u00e8s (Barcelona)<\/li>\n<li>Correu electr\u00f2nic: soporte@jardindeideas.net<\/li>\n<\/ul>\n<p><strong>Finalitat del tractament:<\/strong> Tractem les dades i la informaci\u00f3 que ens faciliten les persones interessades amb la finalitat de:<\/p>\n<p>1.Gestionar l&#8217;\u00fas de les funcionalitats posades a disposici\u00f3 a trav\u00e9s del Lloc Web, entre les quals hi ha la resposta a sol\u00b7licituds i\/o consultes realitzades, aix\u00ed com la preparaci\u00f3 de pressupostos.<\/p>\n<p>Les dades tractades amb aquesta finalitat es conservaran mentre es mantingui la relaci\u00f3 contractual i\/o negocial entre l&#8217;Usuari i el Jard\u00ed d&#8217;idees. Per al cas que les sol\u00b7licituds efectuades per un usuari no mantinguin una relaci\u00f3 contractual, les dades es conservaran fins que s&#8217;hagi resolt aquesta sol\u00b7licitud.<\/p>\n<p>2. Mantenir informats els usuaris de productes i\/o serveis de Jard\u00edn de ideas, a trav\u00e9s de correu electr\u00f2nic o mitjans de comunicaci\u00f3 electr\u00f2nica equivalents, sempre que l&#8217;Usuari hagi prestat el seu consentiment marcant la casella corresponent.<\/p>\n<p><strong>Legitimaci\u00f3:<\/strong> El tractament de les dades esmentades est\u00e0 legitimat per l&#8217;execuci\u00f3 de les obligacions contractuals i\/o negocials.<\/p>\n<p><strong>Criteris de conservaci\u00f3 de les dades:<\/strong> Les dades no es conservaran m\u00e9s temps del necessari per als quals han estat demanades, excepte que hi hagi una obligaci\u00f3 legal.<\/p>\n<p><strong>Comunicaci\u00f3 de les dades:<\/strong> No es comunicaran a altres tercers, excepte obligaci\u00f3 legal o amb el consentiment expr\u00e9s de linteressat.<\/p>\n<p><strong>Transfer\u00e8ncies internacionals de dades:<\/strong> No es fan transfer\u00e8ncies internacionals de dades a tercers pa\u00efsos fora de la Uni\u00f3 Europea.<\/p>\n<p><strong>Drets que assisteixen a linteressat:<\/strong> Linteressat t\u00e9 dret a retirar el consentiment en qualsevol moment. Aix\u00ed mateix, us informem que podreu exercir els vostres drets d&#8217;acc\u00e9s, rectificaci\u00f3 i supressi\u00f3 (Dret a l&#8217;oblit), limitaci\u00f3 de les dades, portabilitat de les dades i oposici\u00f3, enviant un escrit al c\/ Catalunya, 216 &#8211; 08430 La Roca del Vall\u00e8s (Barcelona ), o correu electr\u00f2nic soporte@jardindeideas.net.<\/p>\n<p>Aix\u00ed mateix, s&#8217;informa a l&#8217;interessat que podr\u00e0 revocar el consentiment de l&#8217;enviament de comunicacions comercials enviant un correu electr\u00f2nic a soporte@jardindeideas.net.<\/p>\n<p>La persona interessada pot presentar una reclamaci\u00f3 davant l&#8217;autoritat de control en mat\u00e8ria de protecci\u00f3 de dades competent, que actualment \u00e9s l&#8217;Ag\u00e8ncia Espanyola de Protecci\u00f3 de Dades (AEPD), a trav\u00e9s de la seu electr\u00f2nica: www.sedeagpd.gob.es\/sede -electronica-web, o enviant un escrit al c\/ Jorge Juan n\u00ba6 \u2013 28001 MADRID.<\/p>\n<p><strong>\u00c9s obligatori proporcionar tota la informaci\u00f3 sol\u00b7licitada a l&#8217;apartat de contacte?<\/strong><\/p>\n<p>Pel que fa als formularis del Lloc Web, l&#8217;Usuari ha d&#8217;emplenar els marcats com a \u201crequerit\u201d. No completar les dades personals requerides o fer-ho parcialment pot suposar que Jard\u00ed d&#8217;idees no pugui atendre les vostres sol\u00b7licituds i, en conseq\u00fc\u00e8ncia, Jard\u00edn de ideas quedar\u00e0 exonerada de tota responsabilitat per la no prestaci\u00f3 o la prestaci\u00f3 incompleta dels serveis sol\u00b7licitats.<br \/>\nLes dades personals que l&#8217;usuari facilita a Jard\u00edn de ideas han de ser actuals perqu\u00e8 la informaci\u00f3 dels registres estigui actualitzada i sense errors. L&#8217;Usuari respondr\u00e0 de la veracitat de les dades facilitades.<\/p>\n<p><strong>Quines mesures de seguretat t\u00e9 l&#8217;empresa implantada?<\/strong><\/p>\n<p>Jard\u00edn de ideas informa que el tractament que realitza de dades personals es fa en tot moment de conformitat amb la normativa aplicable en mat\u00e8ria de protecci\u00f3 de dades i dels serveis de la societat de la informaci\u00f3.<br \/>\nJard\u00edn de ideas t\u00e9 implantades les mesures de seguretat d&#8217;\u00edndole t\u00e8cnica i organitzatives necess\u00e0ries que garanteixin la seguretat de les dades de car\u00e0cter personal de l&#8217;Usuari i evitin la seva alteraci\u00f3, p\u00e8rdua, tractament i\/o acc\u00e9s no autoritzat d&#8217;acord amb l&#8217;estat de la tecnologia, la naturalesa de les dades emmagatzemades i els riscos a qu\u00e8 estan exposats, ja provinguin de l&#8217;acci\u00f3 humana o del medi f\u00edsic o natural, de conformitat amb el que preveu la normativa vigent.<\/p>\n","protected":false},"excerpt":{"rendered":"","protected":false},"author":1,"featured_media":0,"parent":0,"menu_order":0,"comment_status":"open","ping_status":"open","template":"","meta":{"inline_featured_image":false,"footnotes":""},"class_list":["post-28461","page","type-page","status-publish","hentry"],"_links":{"self":[{"href":"https:\/\/jardindeideas.net\/ca\/wp-json\/wp\/v2\/pages\/28461","targetHints":{"allow":["GET"]}}],"collection":[{"href":"https:\/\/jardindeideas.net\/ca\/wp-json\/wp\/v2\/pages"}],"about":[{"href":"https:\/\/jardindeideas.net\/ca\/wp-json\/wp\/v2\/types\/page"}],"author":[{"embeddable":true,"href":"https:\/\/jardindeideas.net\/ca\/wp-json\/wp\/v2\/users\/1"}],"replies":[{"embeddable":true,"href":"https:\/\/jardindeideas.net\/ca\/wp-json\/wp\/v2\/comments?post=28461"}],"version-history":[{"count":0,"href":"https:\/\/jardindeideas.net\/ca\/wp-json\/wp\/v2\/pages\/28461\/revisions"}],"wp:attachment":[{"href":"https:\/\/jardindeideas.net\/ca\/wp-json\/wp\/v2\/media?parent=28461"}],"curies":[{"name":"wp","href":"https:\/\/api.w.org\/{rel}","templated":true}]}}